{"id":47,"date":"2026-02-03T12:22:13","date_gmt":"2026-02-03T12:22:13","guid":{"rendered":"https:\/\/zdravo.info\/?page_id=47"},"modified":"2026-04-07T14:42:14","modified_gmt":"2026-04-07T13:42:14","slug":"konferencije","status":"publish","type":"page","link":"https:\/\/zdravo.info\/?page_id=47","title":{"rendered":"KONFERENCIJE"},"content":{"rendered":"\n<div class=\"wp-block-cover alignwide is-light wp-duotone-unset-1\" style=\"padding-top:0px;padding-right:25px;padding-bottom:0px;padding-left:25px;min-height:66vh;aspect-ratio:unset;\"><span aria-hidden=\"true\" class=\"wp-block-cover__background has-background-dim-0 has-background-dim\"><\/span><div class=\"wp-block-cover__inner-container is-layout-flow wp-block-cover-is-layout-flow\">\n<div class=\"wp-block-group is-content-justification-left is-layout-constrained wp-container-core-group-is-layout-0b562c1c wp-block-group-is-layout-constrained\"><div  class=\"wp-block-ultimate-post-heading ultp-block-ef9526\"><div class=\"ultp-block-wrapper\"><div class=\"ultp-heading-wrap ultp-heading-style1 ultp-heading-left\"><h2 class=\"ultp-heading-inner\"><span>KONFERENCIJE<\/span><\/h2><\/div><\/div><\/div><\/div>\n\n\n\n<h2 class=\"wp-block-heading has-ast-global-color-6-color has-text-color has-link-color wp-elements-bcf5370d7cca4eeb3974c34b32a1cebb\" id=\"we-re-a-studio-in-berlin-with-an-international-practice-in-architecture-urban-planning-and-interior-design-we-believe-in-sharing-knowledge-and-promoting-dialogue-to-increase-the-creative-potential-of-collaboration\" style=\"margin-right:var(--wp--preset--spacing--40);margin-left:var(--wp--preset--spacing--40);font-size:20px;line-height:1.5\">Konferencijski program sajma zdravo! Rijeka okuplja stru\u010dnjake iz podru\u010dja nutricionizma, mentalnog zdravlja, medicine, arhitekture, odr\u017eive gradnje i urbane mobilnosti s ciljem da posjetiteljima ponude znanstveno utemeljene, ali prakti\u010dno primjenjive uvide u suvremene izazove zdravog \u017eivljenja.<\/h2>\n\n\n\n<h2 class=\"wp-block-heading has-ast-global-color-6-color has-text-color has-link-color wp-elements-903d8ea5c14e22ab1249fe133a99b0b3\" id=\"we-re-a-studio-in-berlin-with-an-international-practice-in-architecture-urban-planning-and-interior-design-we-believe-in-sharing-knowledge-and-promoting-dialogue-to-increase-the-creative-potential-of-collaboration\" style=\"margin-right:var(--wp--preset--spacing--40);margin-left:var(--wp--preset--spacing--40);font-size:20px;line-height:1.5\">Program uklju\u010duje stru\u010dna predavanja, panel diskusije i otvorene razgovore s publikom, s naglaskom na razmjenu znanja i razbijanje mitova koji su prisutni u javnom prostoru i na dru\u0161tvenim mre\u017eama. Konferencije su namijenjene profesionalcima, ali i \u0161irokoj zainteresiranoj javnosti.<\/h2>\n\n\n\n<div class=\"wp-block-cover alignfull\" style=\"margin-top:0;padding-top:5vw;padding-right:5vw;padding-bottom:5vw;padding-left:5vw;min-height:66vh;aspect-ratio:unset;\"><span aria-hidden=\"true\" class=\"wp-block-cover__background has-ast-global-color-4-background-color has-background-dim-100 has-background-dim\"><\/span><div class=\"wp-block-cover__inner-container is-layout-flow wp-block-cover-is-layout-flow\">\n<div class=\"wp-block-group wp-container-content-9cfa9a5a is-layout-constrained wp-container-core-group-is-layout-a1274fd4 wp-block-group-is-layout-constrained\"><\/div>\n\n\n<\/div><\/div>\n<\/div><\/div>\n","protected":false},"excerpt":{"rendered":"","protected":false},"author":1,"featured_media":0,"parent":0,"menu_order":0,"comment_status":"closed","ping_status":"closed","template":"","meta":{"pagelayer_contact_templates":[],"_pagelayer_content":"","site-sidebar-layout":"default","site-content-layout":"","ast-site-content-layout":"default","site-content-style":"default","site-sidebar-style":"default","ast-global-header-display":"","ast-banner-title-visibility":"disabled","ast-main-header-display":"","ast-hfb-above-header-display":"","ast-hfb-below-header-display":"","ast-hfb-mobile-header-display":"","site-post-title":"disabled","ast-breadcrumbs-content":"","ast-featured-img":"","footer-sml-layout":"","ast-disable-related-posts":"","theme-transparent-header-meta":"","adv-header-id-meta":"","stick-header-meta":"","header-above-stick-meta":"","header-main-stick-meta":"","header-below-stick-meta":"","astra-migrate-meta-layouts":"default","ast-page-background-enabled":"default","ast-page-background-meta":{"desktop":{"background-color":"var(--ast-global-color-5)","background-image":"","background-repeat":"repeat","background-position":"center center","background-size":"auto","background-attachment":"scroll","background-type":"","background-media":"","overlay-type":"","overlay-color":"","overlay-opacity":"","overlay-gradient":""},"tablet":{"background-color":"","background-image":"","background-repeat":"repeat","background-position":"center center","background-size":"auto","background-attachment":"scroll","background-type":"","background-media":"","overlay-type":"","overlay-color":"","overlay-opacity":"","overlay-gradient":""},"mobile":{"background-color":"","background-image":"","background-repeat":"repeat","background-position":"center center","background-size":"auto","background-attachment":"scroll","background-type":"","background-media":"","overlay-type":"","overlay-color":"","overlay-opacity":"","overlay-gradient":""}},"ast-content-background-meta":{"desktop":{"background-color":"var(--ast-global-color-4)","background-image":"","background-repeat":"repeat","background-position":"center center","background-size":"auto","background-attachment":"scroll","background-type":"","background-media":"","overlay-type":"","overlay-color":"","overlay-opacity":"","overlay-gradient":""},"tablet":{"background-color":"var(--ast-global-color-4)","background-image":"","background-repeat":"repeat","background-position":"center center","background-size":"auto","background-attachment":"scroll","background-type":"","background-media":"","overlay-type":"","overlay-color":"","overlay-opacity":"","overlay-gradient":""},"mobile":{"background-color":"var(--ast-global-color-4)","background-image":"","background-repeat":"repeat","background-position":"center center","background-size":"auto","background-attachment":"scroll","background-type":"","background-media":"","overlay-type":"","overlay-color":"","overlay-opacity":"","overlay-gradient":""}},"footnotes":""},"class_list":["post-47","page","type-page","status-publish","hentry"],"yoast_head":"<!-- This site is optimized with the Yoast SEO plugin v26.9 - https:\/\/yoast.com\/product\/yoast-seo-wordpress\/ -->\n<title>KONFERENCIJE<\/title>\n<meta name=\"robots\" content=\"index, follow, max-snippet:-1, max-image-preview:large, max-video-preview:-1\" \/>\n<link rel=\"canonical\" href=\"https:\/\/zdravo.info\/?page_id=47\" \/>\n<meta property=\"og:locale\" content=\"en_US\" \/>\n<meta property=\"og:type\" content=\"article\" \/>\n<meta property=\"og:title\" content=\"KONFERENCIJE\" \/>\n<meta property=\"og:url\" content=\"https:\/\/zdravo.info\/?page_id=47\" \/>\n<meta property=\"article:modified_time\" content=\"2026-04-07T13:42:14+00:00\" \/>\n<meta name=\"twitter:card\" content=\"summary_large_image\" \/>\n<meta name=\"twitter:label1\" content=\"Est. reading time\" \/>\n\t<meta name=\"twitter:data1\" content=\"1 minute\" \/>\n<script type=\"application\/ld+json\" class=\"yoast-schema-graph\">{\"@context\":\"https:\/\/schema.org\",\"@graph\":[{\"@type\":\"WebPage\",\"@id\":\"https:\/\/zdravo.info\/?page_id=47\",\"url\":\"https:\/\/zdravo.info\/?page_id=47\",\"name\":\"KONFERENCIJE\",\"isPartOf\":{\"@id\":\"https:\/\/zdravo.info\/#website\"},\"datePublished\":\"2026-02-03T12:22:13+00:00\",\"dateModified\":\"2026-04-07T13:42:14+00:00\",\"breadcrumb\":{\"@id\":\"https:\/\/zdravo.info\/?page_id=47#breadcrumb\"},\"inLanguage\":\"en-US\",\"potentialAction\":[{\"@type\":\"ReadAction\",\"target\":[\"https:\/\/zdravo.info\/?page_id=47\"]}]},{\"@type\":\"BreadcrumbList\",\"@id\":\"https:\/\/zdravo.info\/?page_id=47#breadcrumb\",\"itemListElement\":[{\"@type\":\"ListItem\",\"position\":1,\"name\":\"Home\",\"item\":\"https:\/\/zdravo.info\/\"},{\"@type\":\"ListItem\",\"position\":2,\"name\":\"KONFERENCIJE\"}]},{\"@type\":\"WebSite\",\"@id\":\"https:\/\/zdravo.info\/#website\",\"url\":\"https:\/\/zdravo.info\/\",\"name\":\"Zdravo Rijeka\",\"description\":\"\",\"publisher\":{\"@id\":\"https:\/\/zdravo.info\/#organization\"},\"potentialAction\":[{\"@type\":\"SearchAction\",\"target\":{\"@type\":\"EntryPoint\",\"urlTemplate\":\"https:\/\/zdravo.info\/?s={search_term_string}\"},\"query-input\":{\"@type\":\"PropertyValueSpecification\",\"valueRequired\":true,\"valueName\":\"search_term_string\"}}],\"inLanguage\":\"en-US\"},{\"@type\":\"Organization\",\"@id\":\"https:\/\/zdravo.info\/#organization\",\"name\":\"Clip d.o.o.\",\"url\":\"https:\/\/zdravo.info\/\",\"logo\":{\"@type\":\"ImageObject\",\"inLanguage\":\"en-US\",\"@id\":\"https:\/\/zdravo.info\/#\/schema\/logo\/image\/\",\"url\":\"https:\/\/zdravo.info\/wp-content\/uploads\/2026\/02\/cropped-Logo-bez-pozadine-i-bez-slova.png\",\"contentUrl\":\"https:\/\/zdravo.info\/wp-content\/uploads\/2026\/02\/cropped-Logo-bez-pozadine-i-bez-slova.png\",\"width\":512,\"height\":512,\"caption\":\"Clip d.o.o.\"},\"image\":{\"@id\":\"https:\/\/zdravo.info\/#\/schema\/logo\/image\/\"}}]}<\/script>\n<!-- \/ Yoast SEO plugin. -->","yoast_head_json":{"title":"KONFERENCIJE","robots":{"index":"index","follow":"follow","max-snippet":"max-snippet:-1","max-image-preview":"max-image-preview:large","max-video-preview":"max-video-preview:-1"},"canonical":"https:\/\/zdravo.info\/?page_id=47","og_locale":"en_US","og_type":"article","og_title":"KONFERENCIJE","og_url":"https:\/\/zdravo.info\/?page_id=47","article_modified_time":"2026-04-07T13:42:14+00:00","twitter_card":"summary_large_image","twitter_misc":{"Est. reading time":"1 minute"},"schema":{"@context":"https:\/\/schema.org","@graph":[{"@type":"WebPage","@id":"https:\/\/zdravo.info\/?page_id=47","url":"https:\/\/zdravo.info\/?page_id=47","name":"KONFERENCIJE","isPartOf":{"@id":"https:\/\/zdravo.info\/#website"},"datePublished":"2026-02-03T12:22:13+00:00","dateModified":"2026-04-07T13:42:14+00:00","breadcrumb":{"@id":"https:\/\/zdravo.info\/?page_id=47#breadcrumb"},"inLanguage":"en-US","potentialAction":[{"@type":"ReadAction","target":["https:\/\/zdravo.info\/?page_id=47"]}]},{"@type":"BreadcrumbList","@id":"https:\/\/zdravo.info\/?page_id=47#breadcrumb","itemListElement":[{"@type":"ListItem","position":1,"name":"Home","item":"https:\/\/zdravo.info\/"},{"@type":"ListItem","position":2,"name":"KONFERENCIJE"}]},{"@type":"WebSite","@id":"https:\/\/zdravo.info\/#website","url":"https:\/\/zdravo.info\/","name":"Zdravo Rijeka","description":"","publisher":{"@id":"https:\/\/zdravo.info\/#organization"},"potentialAction":[{"@type":"SearchAction","target":{"@type":"EntryPoint","urlTemplate":"https:\/\/zdravo.info\/?s={search_term_string}"},"query-input":{"@type":"PropertyValueSpecification","valueRequired":true,"valueName":"search_term_string"}}],"inLanguage":"en-US"},{"@type":"Organization","@id":"https:\/\/zdravo.info\/#organization","name":"Clip d.o.o.","url":"https:\/\/zdravo.info\/","logo":{"@type":"ImageObject","inLanguage":"en-US","@id":"https:\/\/zdravo.info\/#\/schema\/logo\/image\/","url":"https:\/\/zdravo.info\/wp-content\/uploads\/2026\/02\/cropped-Logo-bez-pozadine-i-bez-slova.png","contentUrl":"https:\/\/zdravo.info\/wp-content\/uploads\/2026\/02\/cropped-Logo-bez-pozadine-i-bez-slova.png","width":512,"height":512,"caption":"Clip d.o.o."},"image":{"@id":"https:\/\/zdravo.info\/#\/schema\/logo\/image\/"}}]}},"_links":{"self":[{"href":"https:\/\/zdravo.info\/index.php?rest_route=\/wp\/v2\/pages\/47","targetHints":{"allow":["GET"]}}],"collection":[{"href":"https:\/\/zdravo.info\/index.php?rest_route=\/wp\/v2\/pages"}],"about":[{"href":"https:\/\/zdravo.info\/index.php?rest_route=\/wp\/v2\/types\/page"}],"author":[{"embeddable":true,"href":"https:\/\/zdravo.info\/index.php?rest_route=\/wp\/v2\/users\/1"}],"replies":[{"embeddable":true,"href":"https:\/\/zdravo.info\/index.php?rest_route=%2Fwp%2Fv2%2Fcomments&post=47"}],"version-history":[{"count":38,"href":"https:\/\/zdravo.info\/index.php?rest_route=\/wp\/v2\/pages\/47\/revisions"}],"predecessor-version":[{"id":501,"href":"https:\/\/zdravo.info\/index.php?rest_route=\/wp\/v2\/pages\/47\/revisions\/501"}],"wp:attachment":[{"href":"https:\/\/zdravo.info\/index.php?rest_route=%2Fwp%2Fv2%2Fmedia&parent=47"}],"curies":[{"name":"wp","href":"https:\/\/api.w.org\/{rel}","templated":true}]}}