{"id":45,"date":"2026-02-03T12:21:53","date_gmt":"2026-02-03T12:21:53","guid":{"rendered":"https:\/\/zdravo.info\/?page_id=45"},"modified":"2026-04-07T14:24:34","modified_gmt":"2026-04-07T13:24:34","slug":"eko-trznica","status":"publish","type":"page","link":"https:\/\/zdravo.info\/?page_id=45","title":{"rendered":"EKO TR\u017dNICA"},"content":{"rendered":"\n<div class=\"wp-block-cover alignwide is-light wp-duotone-unset-1\" style=\"margin-top:0;padding-top:0px;padding-right:25px;padding-bottom:0px;padding-left:25px;min-height:261px;aspect-ratio:unset;\"><span aria-hidden=\"true\" class=\"wp-block-cover__background has-background-dim-0 has-background-dim\"><\/span><div class=\"wp-block-cover__inner-container is-layout-flow wp-container-core-cover-is-layout-cf02c1b5 wp-block-cover-is-layout-flow\"><div  class=\"wp-block-ultimate-post-heading ultp-block-675d66\"><div class=\"ultp-block-wrapper\"><div class=\"ultp-heading-wrap ultp-heading-style1 ultp-heading-left\"><h2 class=\"ultp-heading-inner\"><span>EKO TR\u017dNICA<\/span><\/h2><\/div><\/div><\/div>\n\n\n<h2 class=\"wp-block-heading has-black-color has-text-color has-link-color wp-elements-46b2d4a56688ccdae32643d3f0c86254\" id=\"we-re-a-studio-in-berlin-with-an-international-practice-in-architecture-urban-planning-and-interior-design-we-believe-in-sharing-knowledge-and-promoting-dialogue-to-increase-the-creative-potential-of-collaboration\" style=\"margin-right:var(--wp--preset--spacing--40);margin-left:var(--wp--preset--spacing--40);font-size:20px;line-height:1.5\">U okviru Eko tr\u017enice predstavljamo odabrane proizvo\u0111a\u010de zdrave hrane i proizvoda koji se temelje na principima odr\u017eivosti i lokalne proizvodnje kako bismo dali naglasak na kvaliteti proizvodnje, transparentnosti o podrijetlu sastojaka i odgovornom odnosu prema okoli\u0161u.<\/h2>\n\n\n\n<p><\/p>\n\n\n\n<h2 class=\"wp-block-heading alignfull has-black-color has-text-color has-link-color wp-elements-f6ae4d4bf71f32a776402709cbe98630\" id=\"we-re-a-studio-in-berlin-with-an-international-practice-in-architecture-urban-planning-and-interior-design-we-believe-in-sharing-knowledge-and-promoting-dialogue-to-increase-the-creative-potential-of-collaboration\" style=\"margin-right:var(--wp--preset--spacing--40);margin-left:var(--wp--preset--spacing--40);font-size:20px;line-height:1.5\">Posjetitelji \u0107e imati priliku upoznati proizvo\u0111a\u010de, saznati vi\u0161e o porijeklu namirnica te dobiti savjete o uklju\u010divanju kvalitetnih i zdravih proizvoda u svakodnevnu prehranu. Posjetiteljima \u0107e biti omogu\u0107ena i izravna kupnja namirnica i proizvoda na sajmu.<\/h2>\n\n\n\n<div class=\"wp-block-cover alignfull\" style=\"margin-top:0;padding-top:5vw;padding-right:5vw;padding-bottom:5vw;padding-left:5vw;min-height:66vh;aspect-ratio:unset;\"><span aria-hidden=\"true\" class=\"wp-block-cover__background has-ast-global-color-4-background-color has-background-dim-100 has-background-dim\"><\/span><div class=\"wp-block-cover__inner-container is-layout-flow wp-block-cover-is-layout-flow\">\n<div class=\"wp-block-group wp-container-content-9cfa9a5a is-layout-constrained wp-container-core-group-is-layout-a1274fd4 wp-block-group-is-layout-constrained\"><\/div>\n<\/div><\/div>\n<\/div><\/div>\n\n\n\n<p><\/p>\n","protected":false},"excerpt":{"rendered":"","protected":false},"author":1,"featured_media":0,"parent":0,"menu_order":0,"comment_status":"closed","ping_status":"closed","template":"","meta":{"pagelayer_contact_templates":[],"_pagelayer_content":"","site-sidebar-layout":"default","site-content-layout":"","ast-site-content-layout":"default","site-content-style":"default","site-sidebar-style":"default","ast-global-header-display":"","ast-banner-title-visibility":"disabled","ast-main-header-display":"","ast-hfb-above-header-display":"","ast-hfb-below-header-display":"","ast-hfb-mobile-header-display":"","site-post-title":"disabled","ast-breadcrumbs-content":"","ast-featured-img":"","footer-sml-layout":"","ast-disable-related-posts":"","theme-transparent-header-meta":"","adv-header-id-meta":"","stick-header-meta":"","header-above-stick-meta":"","header-main-stick-meta":"","header-below-stick-meta":"","astra-migrate-meta-layouts":"default","ast-page-background-enabled":"default","ast-page-background-meta":{"desktop":{"background-color":"var(--ast-global-color-5)","background-image":"","background-repeat":"repeat","background-position":"center center","background-size":"auto","background-attachment":"scroll","background-type":"","background-media":"","overlay-type":"","overlay-color":"","overlay-opacity":"","overlay-gradient":""},"tablet":{"background-color":"","background-image":"","background-repeat":"repeat","background-position":"center center","background-size":"auto","background-attachment":"scroll","background-type":"","background-media":"","overlay-type":"","overlay-color":"","overlay-opacity":"","overlay-gradient":""},"mobile":{"background-color":"","background-image":"","background-repeat":"repeat","background-position":"center center","background-size":"auto","background-attachment":"scroll","background-type":"","background-media":"","overlay-type":"","overlay-color":"","overlay-opacity":"","overlay-gradient":""}},"ast-content-background-meta":{"desktop":{"background-color":"var(--ast-global-color-4)","background-image":"","background-repeat":"repeat","background-position":"center center","background-size":"auto","background-attachment":"scroll","background-type":"","background-media":"","overlay-type":"","overlay-color":"","overlay-opacity":"","overlay-gradient":""},"tablet":{"background-color":"var(--ast-global-color-4)","background-image":"","background-repeat":"repeat","background-position":"center center","background-size":"auto","background-attachment":"scroll","background-type":"","background-media":"","overlay-type":"","overlay-color":"","overlay-opacity":"","overlay-gradient":""},"mobile":{"background-color":"var(--ast-global-color-4)","background-image":"","background-repeat":"repeat","background-position":"center center","background-size":"auto","background-attachment":"scroll","background-type":"","background-media":"","overlay-type":"","overlay-color":"","overlay-opacity":"","overlay-gradient":""}},"footnotes":""},"class_list":["post-45","page","type-page","status-publish","hentry"],"yoast_head":"<!-- This site is optimized with the Yoast SEO plugin v26.9 - https:\/\/yoast.com\/product\/yoast-seo-wordpress\/ -->\n<title>EKO TR\u017dNICA<\/title>\n<meta name=\"robots\" content=\"index, follow, max-snippet:-1, max-image-preview:large, max-video-preview:-1\" \/>\n<link rel=\"canonical\" href=\"https:\/\/zdravo.info\/?page_id=45\" \/>\n<meta property=\"og:locale\" content=\"en_US\" \/>\n<meta property=\"og:type\" content=\"article\" \/>\n<meta property=\"og:title\" content=\"EKO TR\u017dNICA\" \/>\n<meta property=\"og:url\" content=\"https:\/\/zdravo.info\/?page_id=45\" \/>\n<meta property=\"article:modified_time\" content=\"2026-04-07T13:24:34+00:00\" \/>\n<meta name=\"twitter:card\" content=\"summary_large_image\" \/>\n<meta name=\"twitter:label1\" content=\"Est. reading time\" \/>\n\t<meta name=\"twitter:data1\" content=\"1 minute\" \/>\n<script type=\"application\/ld+json\" class=\"yoast-schema-graph\">{\"@context\":\"https:\/\/schema.org\",\"@graph\":[{\"@type\":\"WebPage\",\"@id\":\"https:\/\/zdravo.info\/?page_id=45\",\"url\":\"https:\/\/zdravo.info\/?page_id=45\",\"name\":\"EKO TR\u017dNICA\",\"isPartOf\":{\"@id\":\"https:\/\/zdravo.info\/#website\"},\"datePublished\":\"2026-02-03T12:21:53+00:00\",\"dateModified\":\"2026-04-07T13:24:34+00:00\",\"breadcrumb\":{\"@id\":\"https:\/\/zdravo.info\/?page_id=45#breadcrumb\"},\"inLanguage\":\"en-US\",\"potentialAction\":[{\"@type\":\"ReadAction\",\"target\":[\"https:\/\/zdravo.info\/?page_id=45\"]}]},{\"@type\":\"BreadcrumbList\",\"@id\":\"https:\/\/zdravo.info\/?page_id=45#breadcrumb\",\"itemListElement\":[{\"@type\":\"ListItem\",\"position\":1,\"name\":\"Home\",\"item\":\"https:\/\/zdravo.info\/\"},{\"@type\":\"ListItem\",\"position\":2,\"name\":\"EKO TR\u017dNICA\"}]},{\"@type\":\"WebSite\",\"@id\":\"https:\/\/zdravo.info\/#website\",\"url\":\"https:\/\/zdravo.info\/\",\"name\":\"Zdravo Rijeka\",\"description\":\"\",\"publisher\":{\"@id\":\"https:\/\/zdravo.info\/#organization\"},\"potentialAction\":[{\"@type\":\"SearchAction\",\"target\":{\"@type\":\"EntryPoint\",\"urlTemplate\":\"https:\/\/zdravo.info\/?s={search_term_string}\"},\"query-input\":{\"@type\":\"PropertyValueSpecification\",\"valueRequired\":true,\"valueName\":\"search_term_string\"}}],\"inLanguage\":\"en-US\"},{\"@type\":\"Organization\",\"@id\":\"https:\/\/zdravo.info\/#organization\",\"name\":\"Clip d.o.o.\",\"url\":\"https:\/\/zdravo.info\/\",\"logo\":{\"@type\":\"ImageObject\",\"inLanguage\":\"en-US\",\"@id\":\"https:\/\/zdravo.info\/#\/schema\/logo\/image\/\",\"url\":\"https:\/\/zdravo.info\/wp-content\/uploads\/2026\/02\/cropped-Logo-bez-pozadine-i-bez-slova.png\",\"contentUrl\":\"https:\/\/zdravo.info\/wp-content\/uploads\/2026\/02\/cropped-Logo-bez-pozadine-i-bez-slova.png\",\"width\":512,\"height\":512,\"caption\":\"Clip d.o.o.\"},\"image\":{\"@id\":\"https:\/\/zdravo.info\/#\/schema\/logo\/image\/\"}}]}<\/script>\n<!-- \/ Yoast SEO plugin. -->","yoast_head_json":{"title":"EKO TR\u017dNICA","robots":{"index":"index","follow":"follow","max-snippet":"max-snippet:-1","max-image-preview":"max-image-preview:large","max-video-preview":"max-video-preview:-1"},"canonical":"https:\/\/zdravo.info\/?page_id=45","og_locale":"en_US","og_type":"article","og_title":"EKO TR\u017dNICA","og_url":"https:\/\/zdravo.info\/?page_id=45","article_modified_time":"2026-04-07T13:24:34+00:00","twitter_card":"summary_large_image","twitter_misc":{"Est. reading time":"1 minute"},"schema":{"@context":"https:\/\/schema.org","@graph":[{"@type":"WebPage","@id":"https:\/\/zdravo.info\/?page_id=45","url":"https:\/\/zdravo.info\/?page_id=45","name":"EKO TR\u017dNICA","isPartOf":{"@id":"https:\/\/zdravo.info\/#website"},"datePublished":"2026-02-03T12:21:53+00:00","dateModified":"2026-04-07T13:24:34+00:00","breadcrumb":{"@id":"https:\/\/zdravo.info\/?page_id=45#breadcrumb"},"inLanguage":"en-US","potentialAction":[{"@type":"ReadAction","target":["https:\/\/zdravo.info\/?page_id=45"]}]},{"@type":"BreadcrumbList","@id":"https:\/\/zdravo.info\/?page_id=45#breadcrumb","itemListElement":[{"@type":"ListItem","position":1,"name":"Home","item":"https:\/\/zdravo.info\/"},{"@type":"ListItem","position":2,"name":"EKO TR\u017dNICA"}]},{"@type":"WebSite","@id":"https:\/\/zdravo.info\/#website","url":"https:\/\/zdravo.info\/","name":"Zdravo Rijeka","description":"","publisher":{"@id":"https:\/\/zdravo.info\/#organization"},"potentialAction":[{"@type":"SearchAction","target":{"@type":"EntryPoint","urlTemplate":"https:\/\/zdravo.info\/?s={search_term_string}"},"query-input":{"@type":"PropertyValueSpecification","valueRequired":true,"valueName":"search_term_string"}}],"inLanguage":"en-US"},{"@type":"Organization","@id":"https:\/\/zdravo.info\/#organization","name":"Clip d.o.o.","url":"https:\/\/zdravo.info\/","logo":{"@type":"ImageObject","inLanguage":"en-US","@id":"https:\/\/zdravo.info\/#\/schema\/logo\/image\/","url":"https:\/\/zdravo.info\/wp-content\/uploads\/2026\/02\/cropped-Logo-bez-pozadine-i-bez-slova.png","contentUrl":"https:\/\/zdravo.info\/wp-content\/uploads\/2026\/02\/cropped-Logo-bez-pozadine-i-bez-slova.png","width":512,"height":512,"caption":"Clip d.o.o."},"image":{"@id":"https:\/\/zdravo.info\/#\/schema\/logo\/image\/"}}]}},"_links":{"self":[{"href":"https:\/\/zdravo.info\/index.php?rest_route=\/wp\/v2\/pages\/45","targetHints":{"allow":["GET"]}}],"collection":[{"href":"https:\/\/zdravo.info\/index.php?rest_route=\/wp\/v2\/pages"}],"about":[{"href":"https:\/\/zdravo.info\/index.php?rest_route=\/wp\/v2\/types\/page"}],"author":[{"embeddable":true,"href":"https:\/\/zdravo.info\/index.php?rest_route=\/wp\/v2\/users\/1"}],"replies":[{"embeddable":true,"href":"https:\/\/zdravo.info\/index.php?rest_route=%2Fwp%2Fv2%2Fcomments&post=45"}],"version-history":[{"count":30,"href":"https:\/\/zdravo.info\/index.php?rest_route=\/wp\/v2\/pages\/45\/revisions"}],"predecessor-version":[{"id":500,"href":"https:\/\/zdravo.info\/index.php?rest_route=\/wp\/v2\/pages\/45\/revisions\/500"}],"wp:attachment":[{"href":"https:\/\/zdravo.info\/index.php?rest_route=%2Fwp%2Fv2%2Fmedia&parent=45"}],"curies":[{"name":"wp","href":"https:\/\/api.w.org\/{rel}","templated":true}]}}