{"id":43,"date":"2026-02-03T12:21:38","date_gmt":"2026-02-03T12:21:38","guid":{"rendered":"https:\/\/zdravo.info\/?page_id=43"},"modified":"2026-02-23T13:31:13","modified_gmt":"2026-02-23T12:31:13","slug":"radionica-zdrave-kozmetike","status":"publish","type":"page","link":"https:\/\/zdravo.info\/?page_id=43","title":{"rendered":"RADIONICA ZDRAVE KOZMETIKE"},"content":{"rendered":"\n<div class=\"wp-block-cover alignwide wp-duotone-var--ast-global-color-4-var--ast-global-color-4-1\" style=\"margin-top:0;margin-bottom:0;padding-top:0px;padding-right:25px;padding-bottom:0px;padding-left:25px;min-height:66vh;aspect-ratio:unset;\"><span aria-hidden=\"true\" class=\"wp-block-cover__background has-ast-global-color-4-background-color has-background-dim-100 has-background-dim\"><\/span><div class=\"wp-block-cover__inner-container is-layout-flow wp-block-cover-is-layout-flow\"><div  class=\"wp-block-ultimate-post-heading ultp-block-151f36\"><div class=\"ultp-block-wrapper\"><div class=\"ultp-heading-wrap ultp-heading-style1 ultp-heading-left\"><h2 class=\"ultp-heading-inner\"><span><br>RADIONICA ZDRAVE KOZMETIKE<\/span><\/h2><\/div><\/div><\/div>\n\n\n<h2 class=\"wp-block-heading alignwide has-black-color has-text-color has-link-color wp-elements-d77447a9588e02f94c0eb4e70b6f7e0c\" id=\"we-re-a-studio-in-berlin-with-an-international-practice-in-architecture-urban-planning-and-interior-design-we-believe-in-sharing-knowledge-and-promoting-dialogue-to-increase-the-creative-potential-of-collaboration\" style=\"margin-right:var(--wp--preset--spacing--40);margin-left:var(--wp--preset--spacing--40);padding-right:0rem;padding-left:0rem;font-size:20px\">Radionica zdrave kozmetike posve\u0107ena je razumijevanju njege ko\u017ee kako bi sudionici nau\u010dili prepoznati kvalitetne i sigurne sastojke, razumjeti deklaracije proizvoda te razlikovati marketin\u0161ke poruke od stvarne vrijednosti formulacija.<\/h2>\n\n\n\n<p><\/p>\n\n\n\n<h2 class=\"wp-block-heading alignwide has-black-color has-text-color has-link-color wp-elements-15dd6f10da136b9db574a3a7a5900d92\" id=\"we-re-a-studio-in-berlin-with-an-international-practice-in-architecture-urban-planning-and-interior-design-we-believe-in-sharing-knowledge-and-promoting-dialogue-to-increase-the-creative-potential-of-collaboration\" style=\"margin-top:0;margin-right:var(--wp--preset--spacing--40);margin-bottom:0;margin-left:var(--wp--preset--spacing--40);padding-right:0rem;padding-left:0rem;font-size:20px;line-height:1.5\">Poseban naglasak stavlja se na odr\u017eive principe proizvodnje, prirodne formulacije i odgovoran odnos prema tijelu i okoli\u0161u. Radionica je namijenjena svima koji \u017eele razviti svjesniji i promi\u0161ljen pristup njezi ko\u017ee, a provode je certificirani stru\u010dnjaci s vi\u0161egodi\u0161njim iskustvom i referencama.<\/h2>\n\n\n\n<p><\/p>\n\n\n<div  class=\"wp-block-ultimate-post-image ultp-block-902d33\"><div class=\"ultp-block-wrapper\"><figure class=\"ultp-image-block-wrapper\"><div class=\"ultp-image-block ultp-image-block-none\"><img decoding=\"async\"  class=\"ultp-image\"  alt=\"Image Not Found\"  src=\"https:\/\/zdravo.info\/wp-content\/uploads\/2026\/02\/43190.jpg\" \/><\/div><\/figure><\/div><\/div>\n\n\n<div style=\"height:30px\" aria-hidden=\"true\" class=\"wp-block-spacer\"><\/div>\n<\/div><\/div>\n\n\n\n<p><\/p>\n","protected":false},"excerpt":{"rendered":"","protected":false},"author":1,"featured_media":0,"parent":0,"menu_order":0,"comment_status":"closed","ping_status":"closed","template":"","meta":{"pagelayer_contact_templates":[],"_pagelayer_content":"","site-sidebar-layout":"default","site-content-layout":"","ast-site-content-layout":"default","site-content-style":"default","site-sidebar-style":"default","ast-global-header-display":"","ast-banner-title-visibility":"disabled","ast-main-header-display":"","ast-hfb-above-header-display":"","ast-hfb-below-header-display":"","ast-hfb-mobile-header-display":"","site-post-title":"disabled","ast-breadcrumbs-content":"","ast-featured-img":"","footer-sml-layout":"","ast-disable-related-posts":"","theme-transparent-header-meta":"","adv-header-id-meta":"","stick-header-meta":"","header-above-stick-meta":"","header-main-stick-meta":"","header-below-stick-meta":"","astra-migrate-meta-layouts":"default","ast-page-background-enabled":"default","ast-page-background-meta":{"desktop":{"background-color":"var(--ast-global-color-5)","background-image":"","background-repeat":"repeat","background-position":"center center","background-size":"auto","background-attachment":"scroll","background-type":"","background-media":"","overlay-type":"","overlay-color":"","overlay-opacity":"","overlay-gradient":""},"tablet":{"background-color":"","background-image":"","background-repeat":"repeat","background-position":"center center","background-size":"auto","background-attachment":"scroll","background-type":"","background-media":"","overlay-type":"","overlay-color":"","overlay-opacity":"","overlay-gradient":""},"mobile":{"background-color":"","background-image":"","background-repeat":"repeat","background-position":"center center","background-size":"auto","background-attachment":"scroll","background-type":"","background-media":"","overlay-type":"","overlay-color":"","overlay-opacity":"","overlay-gradient":""}},"ast-content-background-meta":{"desktop":{"background-color":"var(--ast-global-color-4)","background-image":"","background-repeat":"repeat","background-position":"center center","background-size":"auto","background-attachment":"scroll","background-type":"","background-media":"","overlay-type":"","overlay-color":"","overlay-opacity":"","overlay-gradient":""},"tablet":{"background-color":"var(--ast-global-color-4)","background-image":"","background-repeat":"repeat","background-position":"center center","background-size":"auto","background-attachment":"scroll","background-type":"","background-media":"","overlay-type":"","overlay-color":"","overlay-opacity":"","overlay-gradient":""},"mobile":{"background-color":"var(--ast-global-color-4)","background-image":"","background-repeat":"repeat","background-position":"center center","background-size":"auto","background-attachment":"scroll","background-type":"","background-media":"","overlay-type":"","overlay-color":"","overlay-opacity":"","overlay-gradient":""}},"footnotes":""},"class_list":["post-43","page","type-page","status-publish","hentry"],"yoast_head":"<!-- This site is optimized with the Yoast SEO plugin v26.9 - https:\/\/yoast.com\/product\/yoast-seo-wordpress\/ -->\n<title>RADIONICA ZDRAVE KOZMETIKE<\/title>\n<meta name=\"robots\" content=\"index, follow, max-snippet:-1, max-image-preview:large, max-video-preview:-1\" \/>\n<link rel=\"canonical\" href=\"https:\/\/zdravo.info\/?page_id=43\" \/>\n<meta property=\"og:locale\" content=\"en_US\" \/>\n<meta property=\"og:type\" content=\"article\" \/>\n<meta property=\"og:title\" content=\"RADIONICA ZDRAVE KOZMETIKE\" \/>\n<meta property=\"og:url\" content=\"https:\/\/zdravo.info\/?page_id=43\" \/>\n<meta property=\"article:modified_time\" content=\"2026-02-23T12:31:13+00:00\" \/>\n<meta name=\"twitter:card\" content=\"summary_large_image\" \/>\n<meta name=\"twitter:label1\" content=\"Est. reading time\" \/>\n\t<meta name=\"twitter:data1\" content=\"1 minute\" \/>\n<script type=\"application\/ld+json\" class=\"yoast-schema-graph\">{\"@context\":\"https:\/\/schema.org\",\"@graph\":[{\"@type\":\"WebPage\",\"@id\":\"https:\/\/zdravo.info\/?page_id=43\",\"url\":\"https:\/\/zdravo.info\/?page_id=43\",\"name\":\"RADIONICA ZDRAVE KOZMETIKE\",\"isPartOf\":{\"@id\":\"https:\/\/zdravo.info\/#website\"},\"datePublished\":\"2026-02-03T12:21:38+00:00\",\"dateModified\":\"2026-02-23T12:31:13+00:00\",\"breadcrumb\":{\"@id\":\"https:\/\/zdravo.info\/?page_id=43#breadcrumb\"},\"inLanguage\":\"en-US\",\"potentialAction\":[{\"@type\":\"ReadAction\",\"target\":[\"https:\/\/zdravo.info\/?page_id=43\"]}]},{\"@type\":\"BreadcrumbList\",\"@id\":\"https:\/\/zdravo.info\/?page_id=43#breadcrumb\",\"itemListElement\":[{\"@type\":\"ListItem\",\"position\":1,\"name\":\"Home\",\"item\":\"https:\/\/zdravo.info\/\"},{\"@type\":\"ListItem\",\"position\":2,\"name\":\"RADIONICA ZDRAVE KOZMETIKE\"}]},{\"@type\":\"WebSite\",\"@id\":\"https:\/\/zdravo.info\/#website\",\"url\":\"https:\/\/zdravo.info\/\",\"name\":\"Zdravo Rijeka\",\"description\":\"\",\"publisher\":{\"@id\":\"https:\/\/zdravo.info\/#organization\"},\"potentialAction\":[{\"@type\":\"SearchAction\",\"target\":{\"@type\":\"EntryPoint\",\"urlTemplate\":\"https:\/\/zdravo.info\/?s={search_term_string}\"},\"query-input\":{\"@type\":\"PropertyValueSpecification\",\"valueRequired\":true,\"valueName\":\"search_term_string\"}}],\"inLanguage\":\"en-US\"},{\"@type\":\"Organization\",\"@id\":\"https:\/\/zdravo.info\/#organization\",\"name\":\"Clip d.o.o.\",\"url\":\"https:\/\/zdravo.info\/\",\"logo\":{\"@type\":\"ImageObject\",\"inLanguage\":\"en-US\",\"@id\":\"https:\/\/zdravo.info\/#\/schema\/logo\/image\/\",\"url\":\"https:\/\/zdravo.info\/wp-content\/uploads\/2026\/02\/cropped-Logo-bez-pozadine-i-bez-slova.png\",\"contentUrl\":\"https:\/\/zdravo.info\/wp-content\/uploads\/2026\/02\/cropped-Logo-bez-pozadine-i-bez-slova.png\",\"width\":512,\"height\":512,\"caption\":\"Clip d.o.o.\"},\"image\":{\"@id\":\"https:\/\/zdravo.info\/#\/schema\/logo\/image\/\"}}]}<\/script>\n<!-- \/ Yoast SEO plugin. -->","yoast_head_json":{"title":"RADIONICA ZDRAVE KOZMETIKE","robots":{"index":"index","follow":"follow","max-snippet":"max-snippet:-1","max-image-preview":"max-image-preview:large","max-video-preview":"max-video-preview:-1"},"canonical":"https:\/\/zdravo.info\/?page_id=43","og_locale":"en_US","og_type":"article","og_title":"RADIONICA ZDRAVE KOZMETIKE","og_url":"https:\/\/zdravo.info\/?page_id=43","article_modified_time":"2026-02-23T12:31:13+00:00","twitter_card":"summary_large_image","twitter_misc":{"Est. reading time":"1 minute"},"schema":{"@context":"https:\/\/schema.org","@graph":[{"@type":"WebPage","@id":"https:\/\/zdravo.info\/?page_id=43","url":"https:\/\/zdravo.info\/?page_id=43","name":"RADIONICA ZDRAVE KOZMETIKE","isPartOf":{"@id":"https:\/\/zdravo.info\/#website"},"datePublished":"2026-02-03T12:21:38+00:00","dateModified":"2026-02-23T12:31:13+00:00","breadcrumb":{"@id":"https:\/\/zdravo.info\/?page_id=43#breadcrumb"},"inLanguage":"en-US","potentialAction":[{"@type":"ReadAction","target":["https:\/\/zdravo.info\/?page_id=43"]}]},{"@type":"BreadcrumbList","@id":"https:\/\/zdravo.info\/?page_id=43#breadcrumb","itemListElement":[{"@type":"ListItem","position":1,"name":"Home","item":"https:\/\/zdravo.info\/"},{"@type":"ListItem","position":2,"name":"RADIONICA ZDRAVE KOZMETIKE"}]},{"@type":"WebSite","@id":"https:\/\/zdravo.info\/#website","url":"https:\/\/zdravo.info\/","name":"Zdravo Rijeka","description":"","publisher":{"@id":"https:\/\/zdravo.info\/#organization"},"potentialAction":[{"@type":"SearchAction","target":{"@type":"EntryPoint","urlTemplate":"https:\/\/zdravo.info\/?s={search_term_string}"},"query-input":{"@type":"PropertyValueSpecification","valueRequired":true,"valueName":"search_term_string"}}],"inLanguage":"en-US"},{"@type":"Organization","@id":"https:\/\/zdravo.info\/#organization","name":"Clip d.o.o.","url":"https:\/\/zdravo.info\/","logo":{"@type":"ImageObject","inLanguage":"en-US","@id":"https:\/\/zdravo.info\/#\/schema\/logo\/image\/","url":"https:\/\/zdravo.info\/wp-content\/uploads\/2026\/02\/cropped-Logo-bez-pozadine-i-bez-slova.png","contentUrl":"https:\/\/zdravo.info\/wp-content\/uploads\/2026\/02\/cropped-Logo-bez-pozadine-i-bez-slova.png","width":512,"height":512,"caption":"Clip d.o.o."},"image":{"@id":"https:\/\/zdravo.info\/#\/schema\/logo\/image\/"}}]}},"_links":{"self":[{"href":"https:\/\/zdravo.info\/index.php?rest_route=\/wp\/v2\/pages\/43","targetHints":{"allow":["GET"]}}],"collection":[{"href":"https:\/\/zdravo.info\/index.php?rest_route=\/wp\/v2\/pages"}],"about":[{"href":"https:\/\/zdravo.info\/index.php?rest_route=\/wp\/v2\/types\/page"}],"author":[{"embeddable":true,"href":"https:\/\/zdravo.info\/index.php?rest_route=\/wp\/v2\/users\/1"}],"replies":[{"embeddable":true,"href":"https:\/\/zdravo.info\/index.php?rest_route=%2Fwp%2Fv2%2Fcomments&post=43"}],"version-history":[{"count":21,"href":"https:\/\/zdravo.info\/index.php?rest_route=\/wp\/v2\/pages\/43\/revisions"}],"predecessor-version":[{"id":502,"href":"https:\/\/zdravo.info\/index.php?rest_route=\/wp\/v2\/pages\/43\/revisions\/502"}],"wp:attachment":[{"href":"https:\/\/zdravo.info\/index.php?rest_route=%2Fwp%2Fv2%2Fmedia&parent=43"}],"curies":[{"name":"wp","href":"https:\/\/api.w.org\/{rel}","templated":true}]}}